{"id":2405,"date":"2020-05-14T07:52:00","date_gmt":"2020-05-14T07:52:00","guid":{"rendered":"http:\/\/localhost\/theratio\/?page_id=2405"},"modified":"2024-06-10T15:04:57","modified_gmt":"2024-06-10T18:04:57","slug":"unidades","status":"publish","type":"page","link":"https:\/\/spaceplan.com.br\/en\/unidades\/","title":{"rendered":"Departments"},"content":{"rendered":"<div data-elementor-type=\"wp-page\" data-elementor-id=\"2405\" class=\"elementor elementor-2405\" data-elementor-post-type=\"page\">\n\t\t\t\t\t\t<section class=\"elementor-section elementor-top-section elementor-element elementor-element-ac9b4a2 elementor-section-boxed elementor-section-height-default elementor-section-height-default\" data-id=\"ac9b4a2\" data-element_type=\"section\" data-e-type=\"section\" data-settings=\"{&quot;background_background&quot;:&quot;classic&quot;}\">\n\t\t\t\t\t\t<div class=\"elementor-container elementor-column-gap-default\">\n\t\t\t\t\t<div class=\"elementor-column elementor-col-100 elementor-top-column elementor-element elementor-element-cc5d9c7 ot-flex-column-vertical\" data-id=\"cc5d9c7\" data-element_type=\"column\" data-e-type=\"column\">\n\t\t\t<div class=\"elementor-widget-wrap elementor-element-populated\">\n\t\t\t\t\t\t<section class=\"elementor-section elementor-inner-section elementor-element elementor-element-d9d2530 elementor-section-full_width elementor-section-height-default elementor-section-height-default\" data-id=\"d9d2530\" data-element_type=\"section\" data-e-type=\"section\">\n\t\t\t\t\t\t<div class=\"elementor-container elementor-column-gap-no\">\n\t\t\t\t\t<div class=\"elementor-column elementor-col-25 elementor-inner-column elementor-element elementor-element-a83f3fc ot-flex-column-vertical\" data-id=\"a83f3fc\" data-element_type=\"column\" data-e-type=\"column\">\n\t\t\t<div class=\"elementor-widget-wrap elementor-element-populated\">\n\t\t\t\t\t\t<div class=\"elementor-element elementor-element-bfd59f9 elementor-widget elementor-widget-imember\" data-id=\"bfd59f9\" data-element_type=\"widget\" data-e-type=\"widget\" data-widget_type=\"imember.default\">\n\t\t\t\t<div class=\"elementor-widget-container\">\n\t\t\t\t\t\r\n\t\t<div class=\"team-wrap\">\r\n\t\t\t\t\t\t<div class=\"team-thumb\">\r\n\t\t\t\t<a href=\"https:\/\/spaceplan.com.br\/en\/arquitetura\/\"> \r\n\t\t\t\t<img fetchpriority=\"high\" decoding=\"async\" width=\"600\" height=\"1500\" src=\"https:\/\/spaceplan.com.br\/wp-content\/uploads\/2024\/03\/arq-servicos-v4.png\" class=\"attachment-full size-full wp-image-5854\" alt=\"\" srcset=\"https:\/\/spaceplan.com.br\/wp-content\/uploads\/2024\/03\/arq-servicos-v4.png 600w, https:\/\/spaceplan.com.br\/wp-content\/uploads\/2024\/03\/arq-servicos-v4-120x300.png 120w, https:\/\/spaceplan.com.br\/wp-content\/uploads\/2024\/03\/arq-servicos-v4-410x1024.png 410w\" sizes=\"(max-width: 600px) 100vw, 600px\" \/>\t\t\t\t<\/a> \r\n\t\t\t<\/div>\r\n\t\t\t\t\t\t<div class=\"team-text-overlay\">\r\n\t\t\t\t<div class=\"team-info dtable\">\r\n\t\t\t\t\t<div class=\"dcell\">\r\n\t\t\t\t\t\t<h4 class=\"m_name\"><a href=\"https:\/\/spaceplan.com.br\/en\/arquitetura\/\">Corporate Architecture<\/a><\/h4>\r\n\t\t\t\t\t\t\t\t\t\t\t<\/div>\r\n\t\t\t\t\t<div class=\"m_extra\">\r\n\t\t\t\t\t\t<span><\/span>\r\n\t\t\t\t\t<\/div>\r\n\t\t\t\t<\/div>\r\n\t\t\t<\/div>\r\n\t\t<\/div>\r\n\t        \r\n\t    \t\t\t\t<\/div>\n\t\t\t\t<\/div>\n\t\t\t\t\t<\/div>\n\t\t<\/div>\n\t\t\t\t<div class=\"elementor-column elementor-col-25 elementor-inner-column elementor-element elementor-element-b2d7b34 ot-flex-column-vertical\" data-id=\"b2d7b34\" data-element_type=\"column\" data-e-type=\"column\">\n\t\t\t<div class=\"elementor-widget-wrap elementor-element-populated\">\n\t\t\t\t\t\t<div class=\"elementor-element elementor-element-d4a211b elementor-widget elementor-widget-imember\" data-id=\"d4a211b\" data-element_type=\"widget\" data-e-type=\"widget\" data-widget_type=\"imember.default\">\n\t\t\t\t<div class=\"elementor-widget-container\">\n\t\t\t\t\t\r\n\t\t<div class=\"team-wrap\">\r\n\t\t\t\t\t\t<div class=\"team-thumb\">\r\n\t\t\t\t<a href=\"https:\/\/spaceplan.com.br\/en\/industrial\/\"> \r\n\t\t\t\t<img decoding=\"async\" width=\"600\" height=\"1500\" data-src=\"https:\/\/spaceplan.com.br\/wp-content\/uploads\/2024\/03\/industrial-servicos.png\" class=\"attachment-full size-full wp-image-5842 lazyload\" alt=\"\" data-srcset=\"https:\/\/spaceplan.com.br\/wp-content\/uploads\/2024\/03\/industrial-servicos.png 600w, https:\/\/spaceplan.com.br\/wp-content\/uploads\/2024\/03\/industrial-servicos-120x300.png 120w, https:\/\/spaceplan.com.br\/wp-content\/uploads\/2024\/03\/industrial-servicos-410x1024.png 410w\" data-sizes=\"(max-width: 600px) 100vw, 600px\" src=\"data:image\/svg+xml;base64,PHN2ZyB3aWR0aD0iMSIgaGVpZ2h0PSIxIiB4bWxucz0iaHR0cDovL3d3dy53My5vcmcvMjAwMC9zdmciPjwvc3ZnPg==\" style=\"--smush-placeholder-width: 600px; --smush-placeholder-aspect-ratio: 600\/1500;\" \/>\t\t\t\t<\/a> \r\n\t\t\t<\/div>\r\n\t\t\t\t\t\t<div class=\"team-text-overlay\">\r\n\t\t\t\t<div class=\"team-info dtable\">\r\n\t\t\t\t\t<div class=\"dcell\">\r\n\t\t\t\t\t\t<h4 class=\"m_name\"><a href=\"https:\/\/spaceplan.com.br\/en\/industrial\/\">Industrial Architecture<\/a><\/h4>\r\n\t\t\t\t\t\t\t\t\t\t\t<\/div>\r\n\t\t\t\t\t<div class=\"m_extra\">\r\n\t\t\t\t\t\t<span><\/span>\r\n\t\t\t\t\t<\/div>\r\n\t\t\t\t<\/div>\r\n\t\t\t<\/div>\r\n\t\t<\/div>\r\n\t        \r\n\t    \t\t\t\t<\/div>\n\t\t\t\t<\/div>\n\t\t\t\t\t<\/div>\n\t\t<\/div>\n\t\t\t\t<div class=\"elementor-column elementor-col-25 elementor-inner-column elementor-element elementor-element-d8aa4d7 ot-flex-column-vertical\" data-id=\"d8aa4d7\" data-element_type=\"column\" data-e-type=\"column\">\n\t\t\t<div class=\"elementor-widget-wrap elementor-element-populated\">\n\t\t\t\t\t\t<div class=\"elementor-element elementor-element-9b6c8b2 elementor-widget elementor-widget-imember\" data-id=\"9b6c8b2\" data-element_type=\"widget\" data-e-type=\"widget\" data-widget_type=\"imember.default\">\n\t\t\t\t<div class=\"elementor-widget-container\">\n\t\t\t\t\t\r\n\t\t<div class=\"team-wrap\">\r\n\t\t\t\t\t\t<div class=\"team-thumb\">\r\n\t\t\t\t<a href=\"https:\/\/spaceplan.com.br\/en\/logistica\/\"> \r\n\t\t\t\t<img decoding=\"async\" width=\"600\" height=\"2000\" data-src=\"https:\/\/spaceplan.com.br\/wp-content\/uploads\/2024\/04\/log-menu-img.png\" class=\"attachment-full size-full wp-image-6133 lazyload\" alt=\"\" data-srcset=\"https:\/\/spaceplan.com.br\/wp-content\/uploads\/2024\/04\/log-menu-img.png 600w, https:\/\/spaceplan.com.br\/wp-content\/uploads\/2024\/04\/log-menu-img-90x300.png 90w, https:\/\/spaceplan.com.br\/wp-content\/uploads\/2024\/04\/log-menu-img-307x1024.png 307w, https:\/\/spaceplan.com.br\/wp-content\/uploads\/2024\/04\/log-menu-img-461x1536.png 461w, https:\/\/spaceplan.com.br\/wp-content\/uploads\/2024\/04\/log-menu-img-4x12.png 4w\" data-sizes=\"(max-width: 600px) 100vw, 600px\" src=\"data:image\/svg+xml;base64,PHN2ZyB3aWR0aD0iMSIgaGVpZ2h0PSIxIiB4bWxucz0iaHR0cDovL3d3dy53My5vcmcvMjAwMC9zdmciPjwvc3ZnPg==\" style=\"--smush-placeholder-width: 600px; --smush-placeholder-aspect-ratio: 600\/2000;\" \/>\t\t\t\t<\/a> \r\n\t\t\t<\/div>\r\n\t\t\t\t\t\t<div class=\"team-text-overlay\">\r\n\t\t\t\t<div class=\"team-info dtable\">\r\n\t\t\t\t\t<div class=\"dcell\">\r\n\t\t\t\t\t\t<h4 class=\"m_name\"><a href=\"https:\/\/spaceplan.com.br\/en\/logistica\/\">Logistics<\/a><\/h4>\r\n\t\t\t\t\t\t\t\t\t\t\t<\/div>\r\n\t\t\t\t\t<div class=\"m_extra\">\r\n\t\t\t\t\t\t<span><\/span>\r\n\t\t\t\t\t<\/div>\r\n\t\t\t\t<\/div>\r\n\t\t\t<\/div>\r\n\t\t<\/div>\r\n\t        \r\n\t    \t\t\t\t<\/div>\n\t\t\t\t<\/div>\n\t\t\t\t\t<\/div>\n\t\t<\/div>\n\t\t\t\t<div class=\"elementor-column elementor-col-25 elementor-inner-column elementor-element elementor-element-4d315e1 ot-flex-column-vertical\" data-id=\"4d315e1\" data-element_type=\"column\" data-e-type=\"column\">\n\t\t\t<div class=\"elementor-widget-wrap elementor-element-populated\">\n\t\t\t\t\t\t<div class=\"elementor-element elementor-element-cae9be3 elementor-widget elementor-widget-imember\" data-id=\"cae9be3\" data-element_type=\"widget\" data-e-type=\"widget\" data-widget_type=\"imember.default\">\n\t\t\t\t<div class=\"elementor-widget-container\">\n\t\t\t\t\t\r\n\t\t<div class=\"team-wrap\">\r\n\t\t\t\t\t\t<div class=\"team-thumb\">\r\n\t\t\t\t<a href=\"https:\/\/spaceplan.com.br\/en\/zip\/\"> \r\n\t\t\t\t<img decoding=\"async\" width=\"600\" height=\"1500\" data-src=\"https:\/\/spaceplan.com.br\/wp-content\/uploads\/2024\/03\/arq-servicos-v3.png\" class=\"attachment-full size-full wp-image-5841 lazyload\" alt=\"\" data-srcset=\"https:\/\/spaceplan.com.br\/wp-content\/uploads\/2024\/03\/arq-servicos-v3.png 600w, https:\/\/spaceplan.com.br\/wp-content\/uploads\/2024\/03\/arq-servicos-v3-120x300.png 120w, https:\/\/spaceplan.com.br\/wp-content\/uploads\/2024\/03\/arq-servicos-v3-410x1024.png 410w\" data-sizes=\"(max-width: 600px) 100vw, 600px\" src=\"data:image\/svg+xml;base64,PHN2ZyB3aWR0aD0iMSIgaGVpZ2h0PSIxIiB4bWxucz0iaHR0cDovL3d3dy53My5vcmcvMjAwMC9zdmciPjwvc3ZnPg==\" style=\"--smush-placeholder-width: 600px; --smush-placeholder-aspect-ratio: 600\/1500;\" \/>\t\t\t\t<\/a> \r\n\t\t\t<\/div>\r\n\t\t\t\t\t\t<div class=\"team-text-overlay\">\r\n\t\t\t\t<div class=\"team-info dtable\">\r\n\t\t\t\t\t<div class=\"dcell\">\r\n\t\t\t\t\t\t<h4 class=\"m_name\"><a href=\"https:\/\/spaceplan.com.br\/en\/zip\/\">Space ZIP<\/a><\/h4>\r\n\t\t\t\t\t\t\t\t\t\t\t<\/div>\r\n\t\t\t\t\t<div class=\"m_extra\">\r\n\t\t\t\t\t\t<span><\/span>\r\n\t\t\t\t\t<\/div>\r\n\t\t\t\t<\/div>\r\n\t\t\t<\/div>\r\n\t\t<\/div>\r\n\t        \r\n\t    \t\t\t\t<\/div>\n\t\t\t\t<\/div>\n\t\t\t\t\t<\/div>\n\t\t<\/div>\n\t\t\t\t\t<\/div>\n\t\t<\/section>\n\t\t\t\t\t<\/div>\n\t\t<\/div>\n\t\t\t\t\t<\/div>\n\t\t<\/section>\n\t\t\t\t<\/div>","protected":false},"excerpt":{"rendered":"<p>corporate architecture industrial architecture logistics space zip<\/p>","protected":false},"author":1,"featured_media":0,"parent":0,"menu_order":0,"comment_status":"closed","ping_status":"closed","template":"","meta":{"footnotes":""},"class_list":["post-2405","page","type-page","status-publish","hentry"],"yoast_head":"<!-- This site is optimized with the Yoast SEO plugin v27.4 - https:\/\/yoast.com\/product\/yoast-seo-wordpress\/ -->\n<title>Unidades - Space Plan<\/title>\n<meta name=\"description\" content=\"A Space Plan \u00e9 uma empresa com solu\u00e7\u00f5es de arquitetura corporativa, industrial e servi\u00e7os de log\u00edstica, incluindo mudan\u00e7a e armazenamento. \u200b\" \/>\n<meta name=\"robots\" content=\"index, follow, max-snippet:-1, max-image-preview:large, max-video-preview:-1\" \/>\n<link rel=\"canonical\" href=\"https:\/\/spaceplan.com.br\/en\/unidades\/\" \/>\n<meta property=\"og:locale\" content=\"en_US\" \/>\n<meta property=\"og:type\" content=\"article\" \/>\n<meta property=\"og:title\" content=\"Unidades - Space Plan\" \/>\n<meta property=\"og:description\" content=\"A Space Plan \u00e9 uma empresa com solu\u00e7\u00f5es de arquitetura corporativa, industrial e servi\u00e7os de log\u00edstica, incluindo mudan\u00e7a e armazenamento. \u200b\" \/>\n<meta property=\"og:url\" content=\"https:\/\/spaceplan.com.br\/en\/unidades\/\" \/>\n<meta property=\"og:site_name\" content=\"Space Plan\" \/>\n<meta property=\"article:publisher\" content=\"https:\/\/www.facebook.com\/spaceplan.arq\" \/>\n<meta property=\"article:modified_time\" content=\"2024-06-10T18:04:57+00:00\" \/>\n<meta property=\"og:image\" content=\"http:\/\/spaceplan.com.br\/wp-content\/uploads\/2024\/03\/arq-servicos-v4.png\" \/>\n<meta name=\"twitter:card\" content=\"summary_large_image\" \/>\n<meta name=\"twitter:label1\" content=\"Est. reading time\" \/>\n\t<meta name=\"twitter:data1\" content=\"1 minute\" \/>\n<script type=\"application\/ld+json\" class=\"yoast-schema-graph\">{\"@context\":\"https:\\\/\\\/schema.org\",\"@graph\":[{\"@type\":\"WebPage\",\"@id\":\"https:\\\/\\\/spaceplan.com.br\\\/unidades\\\/\",\"url\":\"https:\\\/\\\/spaceplan.com.br\\\/unidades\\\/\",\"name\":\"Unidades - Space Plan\",\"isPartOf\":{\"@id\":\"https:\\\/\\\/spaceplan.com.br\\\/#website\"},\"primaryImageOfPage\":{\"@id\":\"https:\\\/\\\/spaceplan.com.br\\\/unidades\\\/#primaryimage\"},\"image\":{\"@id\":\"https:\\\/\\\/spaceplan.com.br\\\/unidades\\\/#primaryimage\"},\"thumbnailUrl\":\"https:\\\/\\\/spaceplan.com.br\\\/wp-content\\\/uploads\\\/2024\\\/03\\\/arq-servicos-v4.png\",\"datePublished\":\"2020-05-14T07:52:00+00:00\",\"dateModified\":\"2024-06-10T18:04:57+00:00\",\"description\":\"A Space Plan \u00e9 uma empresa com solu\u00e7\u00f5es de arquitetura corporativa, industrial e servi\u00e7os de log\u00edstica, incluindo mudan\u00e7a e armazenamento. \u200b\",\"breadcrumb\":{\"@id\":\"https:\\\/\\\/spaceplan.com.br\\\/unidades\\\/#breadcrumb\"},\"inLanguage\":\"en-US\",\"potentialAction\":[{\"@type\":\"ReadAction\",\"target\":[\"https:\\\/\\\/spaceplan.com.br\\\/unidades\\\/\"]}]},{\"@type\":\"ImageObject\",\"inLanguage\":\"en-US\",\"@id\":\"https:\\\/\\\/spaceplan.com.br\\\/unidades\\\/#primaryimage\",\"url\":\"https:\\\/\\\/spaceplan.com.br\\\/wp-content\\\/uploads\\\/2024\\\/03\\\/arq-servicos-v4.png\",\"contentUrl\":\"https:\\\/\\\/spaceplan.com.br\\\/wp-content\\\/uploads\\\/2024\\\/03\\\/arq-servicos-v4.png\"},{\"@type\":\"BreadcrumbList\",\"@id\":\"https:\\\/\\\/spaceplan.com.br\\\/unidades\\\/#breadcrumb\",\"itemListElement\":[{\"@type\":\"ListItem\",\"position\":1,\"name\":\"Home\",\"item\":\"https:\\\/\\\/spaceplan.com.br\\\/\"},{\"@type\":\"ListItem\",\"position\":2,\"name\":\"Unidades\"}]},{\"@type\":\"WebSite\",\"@id\":\"https:\\\/\\\/spaceplan.com.br\\\/#website\",\"url\":\"https:\\\/\\\/spaceplan.com.br\\\/\",\"name\":\"Space Plan\",\"description\":\"Transformamos o jeito de trabalhar.\",\"publisher\":{\"@id\":\"https:\\\/\\\/spaceplan.com.br\\\/#organization\"},\"potentialAction\":[{\"@type\":\"SearchAction\",\"target\":{\"@type\":\"EntryPoint\",\"urlTemplate\":\"https:\\\/\\\/spaceplan.com.br\\\/?s={search_term_string}\"},\"query-input\":{\"@type\":\"PropertyValueSpecification\",\"valueRequired\":true,\"valueName\":\"search_term_string\"}}],\"inLanguage\":\"en-US\"},{\"@type\":\"Organization\",\"@id\":\"https:\\\/\\\/spaceplan.com.br\\\/#organization\",\"name\":\"Space Plan\",\"url\":\"https:\\\/\\\/spaceplan.com.br\\\/\",\"logo\":{\"@type\":\"ImageObject\",\"inLanguage\":\"en-US\",\"@id\":\"https:\\\/\\\/spaceplan.com.br\\\/#\\\/schema\\\/logo\\\/image\\\/\",\"url\":\"https:\\\/\\\/spaceplan.com.br\\\/wp-content\\\/uploads\\\/2024\\\/03\\\/logo-site.svg\",\"contentUrl\":\"https:\\\/\\\/spaceplan.com.br\\\/wp-content\\\/uploads\\\/2024\\\/03\\\/logo-site.svg\",\"width\":996,\"height\":392,\"caption\":\"Space Plan\"},\"image\":{\"@id\":\"https:\\\/\\\/spaceplan.com.br\\\/#\\\/schema\\\/logo\\\/image\\\/\"},\"sameAs\":[\"https:\\\/\\\/www.facebook.com\\\/spaceplan.arq\",\"https:\\\/\\\/www.youtube.com\\\/@spaceplan1704\",\"https:\\\/\\\/www.linkedin.com\\\/company\\\/space-plan\\\/?originalSubdomain=pt\",\"https:\\\/\\\/www.instagram.com\\\/spaceplan_arq\\\/\"]}]}<\/script>\n<!-- \/ Yoast SEO plugin. -->","yoast_head_json":{"title":"Units - Space Plan","description":"Space Plan is a company with solutions for corporate and industrial architecture and logistics services, including moving and storage.","robots":{"index":"index","follow":"follow","max-snippet":"max-snippet:-1","max-image-preview":"max-image-preview:large","max-video-preview":"max-video-preview:-1"},"canonical":"https:\/\/spaceplan.com.br\/en\/unidades\/","og_locale":"en_US","og_type":"article","og_title":"Unidades - Space Plan","og_description":"A Space Plan \u00e9 uma empresa com solu\u00e7\u00f5es de arquitetura corporativa, industrial e servi\u00e7os de log\u00edstica, incluindo mudan\u00e7a e armazenamento. \u200b","og_url":"https:\/\/spaceplan.com.br\/en\/unidades\/","og_site_name":"Space Plan","article_publisher":"https:\/\/www.facebook.com\/spaceplan.arq","article_modified_time":"2024-06-10T18:04:57+00:00","og_image":[{"url":"http:\/\/spaceplan.com.br\/wp-content\/uploads\/2024\/03\/arq-servicos-v4.png","type":"","width":"","height":""}],"twitter_card":"summary_large_image","twitter_misc":{"Est. reading time":"1 minute"},"schema":{"@context":"https:\/\/schema.org","@graph":[{"@type":"WebPage","@id":"https:\/\/spaceplan.com.br\/unidades\/","url":"https:\/\/spaceplan.com.br\/unidades\/","name":"Units - Space Plan","isPartOf":{"@id":"https:\/\/spaceplan.com.br\/#website"},"primaryImageOfPage":{"@id":"https:\/\/spaceplan.com.br\/unidades\/#primaryimage"},"image":{"@id":"https:\/\/spaceplan.com.br\/unidades\/#primaryimage"},"thumbnailUrl":"https:\/\/spaceplan.com.br\/wp-content\/uploads\/2024\/03\/arq-servicos-v4.png","datePublished":"2020-05-14T07:52:00+00:00","dateModified":"2024-06-10T18:04:57+00:00","description":"Space Plan is a company with solutions for corporate and industrial architecture and logistics services, including moving and storage.","breadcrumb":{"@id":"https:\/\/spaceplan.com.br\/unidades\/#breadcrumb"},"inLanguage":"en-US","potentialAction":[{"@type":"ReadAction","target":["https:\/\/spaceplan.com.br\/unidades\/"]}]},{"@type":"ImageObject","inLanguage":"en-US","@id":"https:\/\/spaceplan.com.br\/unidades\/#primaryimage","url":"https:\/\/spaceplan.com.br\/wp-content\/uploads\/2024\/03\/arq-servicos-v4.png","contentUrl":"https:\/\/spaceplan.com.br\/wp-content\/uploads\/2024\/03\/arq-servicos-v4.png"},{"@type":"BreadcrumbList","@id":"https:\/\/spaceplan.com.br\/unidades\/#breadcrumb","itemListElement":[{"@type":"ListItem","position":1,"name":"Home","item":"https:\/\/spaceplan.com.br\/"},{"@type":"ListItem","position":2,"name":"Unidades"}]},{"@type":"WebSite","@id":"https:\/\/spaceplan.com.br\/#website","url":"https:\/\/spaceplan.com.br\/","name":"Space Plan","description":"We have transformed the way we work.","publisher":{"@id":"https:\/\/spaceplan.com.br\/#organization"},"potentialAction":[{"@type":"SearchAction","target":{"@type":"EntryPoint","urlTemplate":"https:\/\/spaceplan.com.br\/?s={search_term_string}"},"query-input":{"@type":"PropertyValueSpecification","valueRequired":true,"valueName":"search_term_string"}}],"inLanguage":"en-US"},{"@type":"Organization","@id":"https:\/\/spaceplan.com.br\/#organization","name":"Space Plan","url":"https:\/\/spaceplan.com.br\/","logo":{"@type":"ImageObject","inLanguage":"en-US","@id":"https:\/\/spaceplan.com.br\/#\/schema\/logo\/image\/","url":"https:\/\/spaceplan.com.br\/wp-content\/uploads\/2024\/03\/logo-site.svg","contentUrl":"https:\/\/spaceplan.com.br\/wp-content\/uploads\/2024\/03\/logo-site.svg","width":996,"height":392,"caption":"Space Plan"},"image":{"@id":"https:\/\/spaceplan.com.br\/#\/schema\/logo\/image\/"},"sameAs":["https:\/\/www.facebook.com\/spaceplan.arq","https:\/\/www.youtube.com\/@spaceplan1704","https:\/\/www.linkedin.com\/company\/space-plan\/?originalSubdomain=pt","https:\/\/www.instagram.com\/spaceplan_arq\/"]}]}},"_links":{"self":[{"href":"https:\/\/spaceplan.com.br\/en\/wp-json\/wp\/v2\/pages\/2405","targetHints":{"allow":["GET"]}}],"collection":[{"href":"https:\/\/spaceplan.com.br\/en\/wp-json\/wp\/v2\/pages"}],"about":[{"href":"https:\/\/spaceplan.com.br\/en\/wp-json\/wp\/v2\/types\/page"}],"author":[{"embeddable":true,"href":"https:\/\/spaceplan.com.br\/en\/wp-json\/wp\/v2\/users\/1"}],"replies":[{"embeddable":true,"href":"https:\/\/spaceplan.com.br\/en\/wp-json\/wp\/v2\/comments?post=2405"}],"version-history":[{"count":27,"href":"https:\/\/spaceplan.com.br\/en\/wp-json\/wp\/v2\/pages\/2405\/revisions"}],"predecessor-version":[{"id":6302,"href":"https:\/\/spaceplan.com.br\/en\/wp-json\/wp\/v2\/pages\/2405\/revisions\/6302"}],"wp:attachment":[{"href":"https:\/\/spaceplan.com.br\/en\/wp-json\/wp\/v2\/media?parent=2405"}],"curies":[{"name":"wp","href":"https:\/\/api.w.org\/{rel}","templated":true}]}}